{"id":4041,"date":"2022-07-08T17:58:06","date_gmt":"2022-07-08T21:58:06","guid":{"rendered":"https:\/\/epcore-trials.com\/legal-notice\/"},"modified":"2023-11-26T19:13:35","modified_gmt":"2023-11-27T00:13:35","slug":"aviso-legal","status":"publish","type":"page","link":"https:\/\/epcore-trials.com\/es\/aviso-legal\/","title":{"rendered":"Aviso legal"},"content":{"rendered":"\n<p><strong>Aceptaci\u00f3n del Contrato.<\/strong> El acceso y uso por su parte de <a href=\"\/es\">EPCORE-trials.com<\/a>, el sitio web (el \u201cSitio Web\u201d), mantenido por Clinical Trial Media, Inc. (<a href=\"https:\/\/www.clinicaltrialmedia.com\" target=\"_blank\" rel=\"noreferrer noopener\">www.clinicaltrialmedia.com<\/a>), est\u00e1n sujetos a las siguientes condiciones y legislaciones vigentes. Al\u00a0acceder y navegar por el Sitio Web, acepta y\u00a0reconoce, sin limitaciones ni excepciones, las condiciones generales y acepta que cualquier otro contrato entre usted y Clinical Trial Media quede reemplazado y sin vigencia o efecto en relaci\u00f3n con su\u00a0acceso y uso del Sitio Web.<\/p>\n\n\n\n<p><strong>\u00c1mbito de uso.<\/strong> Clinical Trial Media mantiene el Sitio&nbsp;Web para su informaci\u00f3n personal, formaci\u00f3n y&nbsp;comunicaci\u00f3n. No tenga reparos en navegar por el Sitio Web. Puede descargar material que se muestra en el Sitio Web \u00fanicamente para uso personal, no comercial, siempre que mantenga el derecho de propiedad intelectual, as\u00ed como otros avisos de propiedad sobre los materiales. No obstante, no podr\u00e1 distribuir, modificar, transferir, volver a utilizar, reenviar ni usar el contenido del Sitio Web para fines comerciales, incluidos el texto y las im\u00e1genes, sin la&nbsp;autorizaci\u00f3n por escrito de Clinical Trial Media. Entiende que Clinical Trial Media no asegura que la informaci\u00f3n del Sitio Web sea adecuada ni que est\u00e9 disponible fuera de los Estados Unidos, ni que se proh\u00edba acceder al Sitio Web desde los territorios en los que el contenido del Sitio Web pueda ser ilegal o&nbsp;inadecuado. Aquellos que decidan acceder al Sitio Web desde otras ubicaciones lo hacen por su propia voluntad y son responsables de cumplir la legislaci\u00f3n local vigente.<\/p>\n\n\n\n<p><strong>Sin asesoramiento m\u00e9dico.<\/strong> El Sitio Web no presta servicios de asesoramiento m\u00e9dico. Salvo alguna excepci\u00f3n, los productos que aparecen en el Sitio Web est\u00e1n disponibles solo con receta m\u00e9dica expedida por&nbsp;un profesional sanitario. El Sitio Web no se compromete a prestar servicios m\u00e9dicos ni servicios profesionales similares ni de asesoramiento; asimismo, la informaci\u00f3n proporcionada en el Sitio Web no pretende sustituir el asesoramiento m\u00e9dico que ofrece un profesional sanitario. Si desea o necesita dichos servicios o asesoramiento, deber\u00e1 consultar con un m\u00e9dico o profesional sanitario.<\/p>\n\n\n\n<p><strong>Protecci\u00f3n del derecho de autor.<\/strong> Deber\u00e1 asumir que todo lo que vea o lea en el Sitio Web est\u00e1 protegido por los derechos de autor, a menos que se indique lo contrario, y no se podr\u00e1 usar, excepto en los casos dispuestos en las condiciones generales o en el texto del Sitio Web, sin la autorizaci\u00f3n por escrito del Sitio Web. El Sitio Web no declara ni garantiza que el uso que haga de los materiales que aparecen en el Sitio Web no infringir\u00e1 los derechos de terceros que no son propiedad ni afiliados del Sitio Web.<\/p>\n\n\n\n<p><strong>Marcas. <\/strong>Las marcas, nombres comerciales, logotipos y&nbsp;marcas de servicio (en su conjunto, las \u201cMarcas\u201d) que aparecen en el Sitio Web son marcas registradas o sin registrar de Clinical Trial Media y de otros. Nada de lo que aparece en el Sitio Web debe ser interpretado como una concesi\u00f3n, impl\u00edcita o de cualquier otra forma, de licencia o derecho alguno para utilizar ninguna de las Marcas que aparecen en el Sitio Web sin la autorizaci\u00f3n por escrito de Clinical Trial Media ni de ning\u00fan tercero que pueda ser propietario de las Marcas que aparecen en el Sitio Web. El uso que haga de las Marcas que aparecen en el Sitio Web, o de cualquier otro contenido del Sitio Web, excepto en los casos dispuestos en las condiciones generales, est\u00e1 totalmente prohibido. Asimismo, le avisamos de que Clinical Trial Media ejercer\u00e1 de forma activa sus derechos de propiedad intelectual en la medida que lo permita la ley, incluida la interposici\u00f3n de acciones judiciales.<\/p>\n\n\n\n<p><strong>Exclusi\u00f3n de garant\u00edas. <\/strong>Si bien Clinical Trial Media se&nbsp;esfuerza en incluir informaci\u00f3n exacta y actualizada en el Sitio Web, Clinical Trial Media no garantiza ni declara su exactitud. Clinical Trial Media no se hace responsable de los errores u omisiones del contenido del Sitio Web. Sin perjuicio de lo anteriormente mencionado, todo lo que aparece en el Sitio Web se le&nbsp;ofrece \u201cTAL CUAL\u201d SIN GARANT\u00cdA DE NING\u00daN TIPO, YA SEA IMPL\u00cdCITA O EXPL\u00cdCITA, INCLUIDAS, SIN CAR\u00c1CTER LIMITATIVO, LAS GARANT\u00cdAS IMPL\u00cdCITAS DE COMERCIABILIDAD, ADECUACI\u00d3N PARA UN PROP\u00d3SITO CONCRETO O&nbsp;INEXISTENCIA DE INFRACCI\u00d3N. Tenga en cuenta que algunas jurisdicciones no permiten excluir las garant\u00edas impl\u00edcitas, por lo que es posible que algunas de las exclusiones mencionadas no le afecten a usted. Compruebe su legislaci\u00f3n local para consultar las restricciones o limitaciones relativas a la exclusi\u00f3n de las garant\u00edas impl\u00edcitas.<\/p>\n\n\n\n<p><strong>Limitaci\u00f3n de la responsabilidad. <\/strong>Usted har\u00e1 uso&nbsp;y&nbsp;navegar\u00e1 por el Sitio Web bajo su propia responsabilidad. Ni el Sitio Web ni ninguna de las partes implicadas en crear, producir o publicar el Sitio&nbsp;Web ser\u00e1 responsable de los da\u00f1os y perjuicios directos, accidentales, resultantes, indirectos o penales que se deriven del acceso al Sitio Web y de su uso. El&nbsp;Sitio Web o Clinical Trial Media no asumir\u00e1n responsabilidad, ni se har\u00e1n responsables, de ning\u00fan da\u00f1o o virus que pueda afectar a su equipo inform\u00e1tico o a cualquier otra propiedad con motivo de su acceso, uso o navegaci\u00f3n por el Sitio Web o por haber descargado materiales, datos, texto o im\u00e1genes del Sitio Web.<\/p>\n\n\n\n<p><strong>Transmisiones prohibidas.<\/strong> Algunas zonas del Sitio&nbsp;Web pueden permitirle acceder a foros en l\u00ednea y&nbsp;enviar correos electr\u00f3nicos o bien enviar comentarios al Sitio Web. Clinical Trial Media no respalda y se exime espec\u00edficamente de toda responsabilidad respecto al contenido de dichas incursiones. No podr\u00e1 publicar ni transmitir ning\u00fan material que se considere il\u00edcito, amenazador, calumnioso, difamatorio, obsceno, indecente, incendiario, pornogr\u00e1fico o profano, ni&nbsp;cualquier material que pudiera constituir o favorecer una conducta que se considere un delito penal, que d\u00e9 lugar a responsabilidad civil o que infrinja la ley de cualquier otro modo. Adem\u00e1s, tiene prohibido publicar o transmitir informaci\u00f3n que (a) infrinja los derechos de otros o viole su privacidad o derechos de publicidad, (b) est\u00e9 protegida por derechos de propiedad intelectual, marcas u otros derechos de propiedad, salvo con la autorizaci\u00f3n expresa por escrito del propietario de dicho derecho, (c) contenga un virus, error u otro elemento pernicioso o (d) se use para conspirar de forma ileg\u00edtima contra otra persona en restricci\u00f3n del comercio o competencia. Solo ser\u00e1 responsable de los da\u00f1os derivados de la violaci\u00f3n del&nbsp;derecho de propiedad intelectual, marcas u otros derechos de propiedad, o de otros da\u00f1os provocados por el uso que ha dado al Sitio Web.<\/p>\n\n\n\n<p><strong>Uso de env\u00edos.<\/strong> La Pol\u00edtica de Privacidad del Sitio Web rige todos los datos personales (incluida la PIHI) de las comunicaciones electr\u00f3nicas con el Sitio Web. Por otro lado, las comunicaciones o materiales que trasmita al Sitio Web mediante correo electr\u00f3nico o de otro modo, incluidos los datos no personales, preguntas, comentarios, sugerencias, etc., son y ser\u00e1n tratados como no confidenciales y p\u00fablicos. Usted entiende que&nbsp;Clinical Trial Media o sus filiales podr\u00e1n usar cualesquiera de dichas comunicaciones o materiales que trasmita o publique para cualquier fin, incluidos, entre otros, la reproducci\u00f3n, divulgaci\u00f3n, transmisi\u00f3n, edici\u00f3n, retransmisi\u00f3n y publicaci\u00f3n. Asimismo, Clinical&nbsp;Trial Media tiene libertad para usar las ideas, conceptos, conocimientos t\u00e9cnicos, procesos o&nbsp;t\u00e9cnicas que se incluyan en cualquier comunicaci\u00f3n que env\u00ede al Sitio Web para cualquier fin incluido, sin&nbsp;car\u00e1cter limitativo, el desarrollo, fabricaci\u00f3n, comercializaci\u00f3n, venta de productos y servicios usando dichas ideas, conceptos, conocimientos t\u00e9cnicos, procesos o t\u00e9cnicas.<\/p>\n\n\n\n<p><strong>Enlaces a otros sitios web.<\/strong> Clinical Trial Media no ha revisado el resto de los sitios web vinculados con el Sitio Web y no se hace responsable del contenido de ninguna de las p\u00e1ginas externas ni de otros sitios web vinculados con el Sitio Web. Usted acceder\u00e1 a otras p\u00e1ginas externas o a otros sitios web bajo su propia responsabilidad. Cuando utilice un enlace para acceder a otro sitio web, aseg\u00farese de revisar el aviso legal y la pol\u00edtica de privacidad del nuevo sitio web. Podr\u00edan ser diferentes a los que rigen el Sitio Web.<\/p>\n\n\n\n<p><strong>Modificaci\u00f3n del contrato.<\/strong> Clinical Trial Media puede, en cualquier momento, revisar las condiciones generales de este contrato que rige el uso del Sitio Web. Si se modificara alguna de las condiciones generales de este Aviso Legal, el aviso enmendado se publicar\u00e1 en el Sitio Web. Dado que est\u00e1 obligado a&nbsp;cumplir lo estipulado en dichas revisiones, deber\u00e1 revisar de forma peri\u00f3dica dichas condiciones generales.<\/p>\n","protected":false},"excerpt":{"rendered":"<p>Aceptaci\u00f3n del Contrato. El acceso y uso por su parte de EPCORE-trials.com, el sitio web (el \u201cSitio Web\u201d), mantenido por Clinical Trial Media, Inc. (www.clinicaltrialmedia.com), est\u00e1n sujetos a las siguientes condiciones y legislaciones vigentes. Al\u00a0acceder y navegar por el Sitio Web, acepta y\u00a0reconoce, sin limitaciones ni excepciones, las condiciones generales y acepta que cualquier otro [&hellip;]<\/p>\n","protected":false},"author":2,"featured_media":0,"parent":0,"menu_order":0,"comment_status":"closed","ping_status":"closed","template":"","meta":{"footnotes":""},"class_list":["post-4041","page","type-page","status-publish","hentry"],"yoast_head":"<!-- This site is optimized with the Yoast SEO plugin v27.5 - https:\/\/yoast.com\/product\/yoast-seo-wordpress\/ -->\n<title>Aviso legal - Lymphoma Clinical Research Studies\u2013EPCORE Program<\/title>\n<meta name=\"robots\" content=\"index, follow, max-snippet:-1, max-image-preview:large, max-video-preview:-1\" \/>\n<link rel=\"canonical\" href=\"https:\/\/epcore-trials.com\/es\/aviso-legal\/\" \/>\n<meta property=\"og:locale\" content=\"es_ES\" \/>\n<meta property=\"og:type\" content=\"article\" \/>\n<meta property=\"og:title\" content=\"Aviso legal - Lymphoma Clinical Research Studies\u2013EPCORE Program\" \/>\n<meta property=\"og:description\" content=\"Aceptaci\u00f3n del Contrato. El acceso y uso por su parte de EPCORE-trials.com, el sitio web (el \u201cSitio Web\u201d), mantenido por Clinical Trial Media, Inc. (www.clinicaltrialmedia.com), est\u00e1n sujetos a las siguientes condiciones y legislaciones vigentes. Al\u00a0acceder y navegar por el Sitio Web, acepta y\u00a0reconoce, sin limitaciones ni excepciones, las condiciones generales y acepta que cualquier otro [&hellip;]\" \/>\n<meta property=\"og:url\" content=\"https:\/\/epcore-trials.com\/es\/aviso-legal\/\" \/>\n<meta property=\"og:site_name\" content=\"Lymphoma Clinical Research Studies\u2013EPCORE Program\" \/>\n<meta property=\"article:modified_time\" content=\"2023-11-27T00:13:35+00:00\" \/>\n<meta name=\"twitter:card\" content=\"summary_large_image\" \/>\n<meta name=\"twitter:label1\" content=\"Tiempo de lectura\" \/>\n\t<meta name=\"twitter:data1\" content=\"6 minutos\" \/>\n<script type=\"application\/ld+json\" class=\"yoast-schema-graph\">{\"@context\":\"https:\\\/\\\/schema.org\",\"@graph\":[{\"@type\":\"WebPage\",\"@id\":\"https:\\\/\\\/epcore-trials.com\\\/es\\\/aviso-legal\\\/\",\"url\":\"https:\\\/\\\/epcore-trials.com\\\/es\\\/aviso-legal\\\/\",\"name\":\"Aviso legal - Lymphoma Clinical Research Studies\u2013EPCORE Program\",\"isPartOf\":{\"@id\":\"https:\\\/\\\/epcore-trials.com\\\/es\\\/#website\"},\"datePublished\":\"2022-07-08T21:58:06+00:00\",\"dateModified\":\"2023-11-27T00:13:35+00:00\",\"breadcrumb\":{\"@id\":\"https:\\\/\\\/epcore-trials.com\\\/es\\\/aviso-legal\\\/#breadcrumb\"},\"inLanguage\":\"es\",\"potentialAction\":[{\"@type\":\"ReadAction\",\"target\":[\"https:\\\/\\\/epcore-trials.com\\\/es\\\/aviso-legal\\\/\"]}]},{\"@type\":\"BreadcrumbList\",\"@id\":\"https:\\\/\\\/epcore-trials.com\\\/es\\\/aviso-legal\\\/#breadcrumb\",\"itemListElement\":[{\"@type\":\"ListItem\",\"position\":1,\"name\":\"Home\",\"item\":\"https:\\\/\\\/epcore-trials.com\\\/es\\\/\"},{\"@type\":\"ListItem\",\"position\":2,\"name\":\"Aviso legal\"}]},{\"@type\":\"WebSite\",\"@id\":\"https:\\\/\\\/epcore-trials.com\\\/es\\\/#website\",\"url\":\"https:\\\/\\\/epcore-trials.com\\\/es\\\/\",\"name\":\"Lymphoma Clinical Research Studies\u2013EPCORE Program\",\"description\":\"Explore options for lymphoma by participating in clinical research studies.\",\"publisher\":{\"@id\":\"https:\\\/\\\/epcore-trials.com\\\/es\\\/#organization\"},\"potentialAction\":[{\"@type\":\"SearchAction\",\"target\":{\"@type\":\"EntryPoint\",\"urlTemplate\":\"https:\\\/\\\/epcore-trials.com\\\/es\\\/?s={search_term_string}\"},\"query-input\":{\"@type\":\"PropertyValueSpecification\",\"valueRequired\":true,\"valueName\":\"search_term_string\"}}],\"inLanguage\":\"es\"},{\"@type\":\"Organization\",\"@id\":\"https:\\\/\\\/epcore-trials.com\\\/es\\\/#organization\",\"name\":\"Lymphoma Clinical Research Studies\u2013EPCORE Program\",\"url\":\"https:\\\/\\\/epcore-trials.com\\\/es\\\/\",\"logo\":{\"@type\":\"ImageObject\",\"inLanguage\":\"es\",\"@id\":\"https:\\\/\\\/epcore-trials.com\\\/es\\\/#\\\/schema\\\/logo\\\/image\\\/\",\"url\":\"https:\\\/\\\/epcore-trials.com\\\/wp-content\\\/uploads\\\/2022\\\/07\\\/logo.svg\",\"contentUrl\":\"https:\\\/\\\/epcore-trials.com\\\/wp-content\\\/uploads\\\/2022\\\/07\\\/logo.svg\",\"width\":952,\"height\":181,\"caption\":\"Lymphoma Clinical Research Studies\u2013EPCORE Program\"},\"image\":{\"@id\":\"https:\\\/\\\/epcore-trials.com\\\/es\\\/#\\\/schema\\\/logo\\\/image\\\/\"}}]}<\/script>\n<!-- \/ Yoast SEO plugin. -->","yoast_head_json":{"title":"Aviso legal - Lymphoma Clinical Research Studies\u2013EPCORE Program","robots":{"index":"index","follow":"follow","max-snippet":"max-snippet:-1","max-image-preview":"max-image-preview:large","max-video-preview":"max-video-preview:-1"},"canonical":"https:\/\/epcore-trials.com\/es\/aviso-legal\/","og_locale":"es_ES","og_type":"article","og_title":"Aviso legal - Lymphoma Clinical Research Studies\u2013EPCORE Program","og_description":"Aceptaci\u00f3n del Contrato. El acceso y uso por su parte de EPCORE-trials.com, el sitio web (el \u201cSitio Web\u201d), mantenido por Clinical Trial Media, Inc. (www.clinicaltrialmedia.com), est\u00e1n sujetos a las siguientes condiciones y legislaciones vigentes. Al\u00a0acceder y navegar por el Sitio Web, acepta y\u00a0reconoce, sin limitaciones ni excepciones, las condiciones generales y acepta que cualquier otro [&hellip;]","og_url":"https:\/\/epcore-trials.com\/es\/aviso-legal\/","og_site_name":"Lymphoma Clinical Research Studies\u2013EPCORE Program","article_modified_time":"2023-11-27T00:13:35+00:00","twitter_card":"summary_large_image","twitter_misc":{"Tiempo de lectura":"6 minutos"},"schema":{"@context":"https:\/\/schema.org","@graph":[{"@type":"WebPage","@id":"https:\/\/epcore-trials.com\/es\/aviso-legal\/","url":"https:\/\/epcore-trials.com\/es\/aviso-legal\/","name":"Aviso legal - Lymphoma Clinical Research Studies\u2013EPCORE Program","isPartOf":{"@id":"https:\/\/epcore-trials.com\/es\/#website"},"datePublished":"2022-07-08T21:58:06+00:00","dateModified":"2023-11-27T00:13:35+00:00","breadcrumb":{"@id":"https:\/\/epcore-trials.com\/es\/aviso-legal\/#breadcrumb"},"inLanguage":"es","potentialAction":[{"@type":"ReadAction","target":["https:\/\/epcore-trials.com\/es\/aviso-legal\/"]}]},{"@type":"BreadcrumbList","@id":"https:\/\/epcore-trials.com\/es\/aviso-legal\/#breadcrumb","itemListElement":[{"@type":"ListItem","position":1,"name":"Home","item":"https:\/\/epcore-trials.com\/es\/"},{"@type":"ListItem","position":2,"name":"Aviso legal"}]},{"@type":"WebSite","@id":"https:\/\/epcore-trials.com\/es\/#website","url":"https:\/\/epcore-trials.com\/es\/","name":"Lymphoma Clinical Research Studies\u2013EPCORE Program","description":"Explore options for lymphoma by participating in clinical research studies.","publisher":{"@id":"https:\/\/epcore-trials.com\/es\/#organization"},"potentialAction":[{"@type":"SearchAction","target":{"@type":"EntryPoint","urlTemplate":"https:\/\/epcore-trials.com\/es\/?s={search_term_string}"},"query-input":{"@type":"PropertyValueSpecification","valueRequired":true,"valueName":"search_term_string"}}],"inLanguage":"es"},{"@type":"Organization","@id":"https:\/\/epcore-trials.com\/es\/#organization","name":"Lymphoma Clinical Research Studies\u2013EPCORE Program","url":"https:\/\/epcore-trials.com\/es\/","logo":{"@type":"ImageObject","inLanguage":"es","@id":"https:\/\/epcore-trials.com\/es\/#\/schema\/logo\/image\/","url":"https:\/\/epcore-trials.com\/wp-content\/uploads\/2022\/07\/logo.svg","contentUrl":"https:\/\/epcore-trials.com\/wp-content\/uploads\/2022\/07\/logo.svg","width":952,"height":181,"caption":"Lymphoma Clinical Research Studies\u2013EPCORE Program"},"image":{"@id":"https:\/\/epcore-trials.com\/es\/#\/schema\/logo\/image\/"}}]}},"_links":{"self":[{"href":"https:\/\/epcore-trials.com\/es\/wp-json\/wp\/v2\/pages\/4041","targetHints":{"allow":["GET"]}}],"collection":[{"href":"https:\/\/epcore-trials.com\/es\/wp-json\/wp\/v2\/pages"}],"about":[{"href":"https:\/\/epcore-trials.com\/es\/wp-json\/wp\/v2\/types\/page"}],"author":[{"embeddable":true,"href":"https:\/\/epcore-trials.com\/es\/wp-json\/wp\/v2\/users\/2"}],"replies":[{"embeddable":true,"href":"https:\/\/epcore-trials.com\/es\/wp-json\/wp\/v2\/comments?post=4041"}],"version-history":[{"count":0,"href":"https:\/\/epcore-trials.com\/es\/wp-json\/wp\/v2\/pages\/4041\/revisions"}],"wp:attachment":[{"href":"https:\/\/epcore-trials.com\/es\/wp-json\/wp\/v2\/media?parent=4041"}],"curies":[{"name":"wp","href":"https:\/\/api.w.org\/{rel}","templated":true}]}}