{"id":1158,"date":"2022-12-21T10:01:36","date_gmt":"2022-12-21T15:01:36","guid":{"rendered":"https:\/\/epcore-trials.com\/qualify\/"},"modified":"2024-09-04T12:14:57","modified_gmt":"2024-09-04T16:14:57","slug":"enterese-si-califica","status":"publish","type":"page","link":"https:\/\/epcore-trials.com\/es-us\/enterese-si-califica\/","title":{"rendered":"Ent\u00e9rese si califica"},"content":{"rendered":"\t\t<div data-elementor-type=\"wp-page\" data-elementor-id=\"1158\" class=\"elementor elementor-1158 elementor-482\" data-elementor-post-type=\"page\">\n\t\t\t\t\t\t<section class=\"elementor-section elementor-top-section elementor-element elementor-element-e34a6ed elementor-section-full_width elementor-section-height-min-height elementor-section-items-stretch elementor-reverse-mobile elementor-section-height-default\" data-id=\"e34a6ed\" data-element_type=\"section\" data-e-type=\"section\" data-settings=\"{&quot;shape_divider_top&quot;:&quot;curve&quot;,&quot;shape_divider_top_negative&quot;:&quot;yes&quot;,&quot;shape_divider_bottom&quot;:&quot;curve&quot;,&quot;jet_parallax_layout_list&quot;:[]}\">\n\t\t\t\t\t<div class=\"elementor-shape elementor-shape-top\" aria-hidden=\"true\" data-negative=\"true\">\n\t\t\t<svg xmlns=\"http:\/\/www.w3.org\/2000\/svg\" viewBox=\"0 0 1000 100\" preserveAspectRatio=\"none\">\n\t<path class=\"elementor-shape-fill\" d=\"M500,97C126.7,96.3,0.8,19.8,0,0v100l1000,0V1C1000,19.4,873.3,97.8,500,97z\"\/>\n<\/svg>\t\t<\/div>\n\t\t\t\t<div class=\"elementor-shape elementor-shape-bottom\" aria-hidden=\"true\" data-negative=\"false\">\n\t\t\t<svg xmlns=\"http:\/\/www.w3.org\/2000\/svg\" viewBox=\"0 0 1000 100\" preserveAspectRatio=\"none\">\n    <path class=\"elementor-shape-fill\" d=\"M1000,4.3V0H0v4.3C0.9,23.1,126.7,99.2,500,100S1000,22.7,1000,4.3z\"\/>\n<\/svg>\t\t<\/div>\n\t\t\t\t\t<div class=\"elementor-container elementor-column-gap-default\">\n\t\t\t\t\t<div class=\"elementor-column elementor-col-50 elementor-top-column elementor-element elementor-element-e15e355\" data-id=\"e15e355\" data-element_type=\"column\" data-e-type=\"column\" data-settings=\"{&quot;background_background&quot;:&quot;classic&quot;}\">\n\t\t\t<div class=\"elementor-widget-wrap elementor-element-populated\">\n\t\t\t\t\t\t<section class=\"elementor-section elementor-inner-section elementor-element elementor-element-e9cc7bd header-content elementor-section-boxed elementor-section-height-default elementor-section-height-default\" data-id=\"e9cc7bd\" data-element_type=\"section\" data-e-type=\"section\" data-settings=\"{&quot;jet_parallax_layout_list&quot;:[]}\">\n\t\t\t\t\t\t<div class=\"elementor-container elementor-column-gap-default\">\n\t\t\t\t\t<div class=\"elementor-column elementor-col-100 elementor-inner-column elementor-element elementor-element-669c82d\" data-id=\"669c82d\" data-element_type=\"column\" data-e-type=\"column\">\n\t\t\t<div class=\"elementor-widget-wrap elementor-element-populated\">\n\t\t\t\t\t\t<div class=\"elementor-element elementor-element-155f293 elementor-widget elementor-widget-heading\" data-id=\"155f293\" data-element_type=\"widget\" data-e-type=\"widget\" data-widget_type=\"heading.default\">\n\t\t\t\t<div class=\"elementor-widget-container\">\n\t\t\t\t\t<h2 class=\"elementor-heading-title elementor-size-default\">Ent\u00e9rese si califica<\/h2>\t\t\t\t<\/div>\n\t\t\t\t<\/div>\n\t\t\t\t\t<\/div>\n\t\t<\/div>\n\t\t\t\t\t<\/div>\n\t\t<\/section>\n\t\t\t\t\t<\/div>\n\t\t<\/div>\n\t\t\t\t<div class=\"elementor-column elementor-col-50 elementor-top-column elementor-element elementor-element-a7662ba\" data-id=\"a7662ba\" data-element_type=\"column\" data-e-type=\"column\" data-settings=\"{&quot;background_background&quot;:&quot;classic&quot;}\">\n\t\t\t<div class=\"elementor-widget-wrap elementor-element-populated\">\n\t\t\t\t\t<div class=\"elementor-background-overlay\"><\/div>\n\t\t\t\t\t\t<div class=\"elementor-element elementor-element-cd735af elementor-widget elementor-widget-spacer\" data-id=\"cd735af\" data-element_type=\"widget\" data-e-type=\"widget\" data-widget_type=\"spacer.default\">\n\t\t\t\t<div class=\"elementor-widget-container\">\n\t\t\t\t\t\t\t<div class=\"elementor-spacer\">\n\t\t\t<div class=\"elementor-spacer-inner\"><\/div>\n\t\t<\/div>\n\t\t\t\t\t\t<\/div>\n\t\t\t\t<\/div>\n\t\t\t\t\t<\/div>\n\t\t<\/div>\n\t\t\t\t\t<\/div>\n\t\t<\/section>\n\t\t\t\t<section class=\"elementor-section elementor-top-section elementor-element elementor-element-19495d3 elementor-section-content-middle elementor-reverse-mobile elementor-section-boxed elementor-section-height-default elementor-section-height-default\" data-id=\"19495d3\" data-element_type=\"section\" data-e-type=\"section\" data-settings=\"{&quot;shape_divider_bottom&quot;:&quot;curve&quot;,&quot;shape_divider_top&quot;:&quot;curve&quot;,&quot;shape_divider_top_negative&quot;:&quot;yes&quot;,&quot;jet_parallax_layout_list&quot;:[]}\">\n\t\t\t\t\t<div class=\"elementor-shape elementor-shape-top\" aria-hidden=\"true\" data-negative=\"true\">\n\t\t\t<svg xmlns=\"http:\/\/www.w3.org\/2000\/svg\" viewBox=\"0 0 1000 100\" preserveAspectRatio=\"none\">\n\t<path class=\"elementor-shape-fill\" d=\"M500,97C126.7,96.3,0.8,19.8,0,0v100l1000,0V1C1000,19.4,873.3,97.8,500,97z\"\/>\n<\/svg>\t\t<\/div>\n\t\t\t\t<div class=\"elementor-shape elementor-shape-bottom\" aria-hidden=\"true\" data-negative=\"false\">\n\t\t\t<svg xmlns=\"http:\/\/www.w3.org\/2000\/svg\" viewBox=\"0 0 1000 100\" preserveAspectRatio=\"none\">\n    <path class=\"elementor-shape-fill\" d=\"M1000,4.3V0H0v4.3C0.9,23.1,126.7,99.2,500,100S1000,22.7,1000,4.3z\"\/>\n<\/svg>\t\t<\/div>\n\t\t\t\t\t<div class=\"elementor-container elementor-column-gap-default\">\n\t\t\t\t\t<div class=\"elementor-column elementor-col-100 elementor-top-column elementor-element elementor-element-ce1f093 animated-fast elementor-invisible\" data-id=\"ce1f093\" data-element_type=\"column\" data-e-type=\"column\" id=\"content\" data-settings=\"{&quot;animation&quot;:&quot;fadeIn&quot;,&quot;animation_delay&quot;:500}\">\n\t\t\t<div class=\"elementor-widget-wrap elementor-element-populated\">\n\t\t\t\t\t\t<div class=\"elementor-element elementor-element-a05240e elementor-widget elementor-widget-heading\" data-id=\"a05240e\" data-element_type=\"widget\" data-e-type=\"widget\" data-widget_type=\"heading.default\">\n\t\t\t\t<div class=\"elementor-widget-container\">\n\t\t\t\t\t<h2 class=\"elementor-heading-title elementor-size-default\">Enfrentemos al linfoma <span class=\"text-alt\">juntos.<\/span> \n<\/h2>\t\t\t\t<\/div>\n\t\t\t\t<\/div>\n\t\t\t\t<div class=\"elementor-element elementor-element-067c8ed elementor-widget__width-initial elementor-widget elementor-widget-heading\" data-id=\"067c8ed\" data-element_type=\"widget\" data-e-type=\"widget\" data-widget_type=\"heading.default\">\n\t\t\t\t<div class=\"elementor-widget-container\">\n\t\t\t\t\t<p class=\"elementor-heading-title elementor-size-default\">Los estudios EPCORE est\u00e1n evaluando la seguridad y la eficacia de un medicamento en investigaci\u00f3n para adultos y ni\u00f1os con diferentes tipos de linfoma no Hodgkin.<\/p>\t\t\t\t<\/div>\n\t\t\t\t<\/div>\n\t\t\t\t<div class=\"elementor-element elementor-element-705dc9a elementor-widget__width-initial elementor-widget elementor-widget-heading\" data-id=\"705dc9a\" data-element_type=\"widget\" data-e-type=\"widget\" data-widget_type=\"heading.default\">\n\t\t\t\t<div class=\"elementor-widget-container\">\n\t\t\t\t\t<p class=\"elementor-heading-title elementor-size-default\">Complete la siguiente encuesta r\u00e1pida y descubra si puede participar en estos estudios EPCORE.<\/p>\t\t\t\t<\/div>\n\t\t\t\t<\/div>\n\t\t\t\t\t<\/div>\n\t\t<\/div>\n\t\t\t\t\t<\/div>\n\t\t<\/section>\n\t\t\t\t<section class=\"elementor-section elementor-top-section elementor-element elementor-element-2c3964a elementor-section-content-middle elementor-section-full_width elementor-section-height-default elementor-section-height-default\" data-id=\"2c3964a\" data-element_type=\"section\" data-e-type=\"section\" data-settings=\"{&quot;background_background&quot;:&quot;classic&quot;,&quot;jet_parallax_layout_list&quot;:[]}\">\n\t\t\t\t\t\t<div class=\"elementor-container elementor-column-gap-default\">\n\t\t\t\t\t<div class=\"elementor-column elementor-col-100 elementor-top-column elementor-element elementor-element-a8694b8 animated-fast elementor-invisible\" data-id=\"a8694b8\" data-element_type=\"column\" data-e-type=\"column\" data-settings=\"{&quot;animation&quot;:&quot;fadeIn&quot;,&quot;animation_delay&quot;:500}\">\n\t\t\t<div class=\"elementor-widget-wrap elementor-element-populated\">\n\t\t\t\t\t\t<div class=\"elementor-element elementor-element-628ce1c elementor-widget elementor-widget-html\" data-id=\"628ce1c\" data-element_type=\"widget\" data-e-type=\"widget\" data-widget_type=\"html.default\">\n\t\t\t\t<div class=\"elementor-widget-container\">\n\t\t\t\t\t<div id=\"screener-container\">\n <link href=\"https:\/\/screenerv2.studymaxportal.com\/main.css\" rel=\"stylesheet\">\n <div id=\"screener_body\" data-screenerid=\"0378b190-62ce-4a34-a11a-281761095869\"><\/div>\n <script src=\"https:\/\/screenerv2.studymaxportal.com\/main.js\"><\/script>\n<\/div>\t\t\t\t<\/div>\n\t\t\t\t<\/div>\n\t\t\t\t\t<\/div>\n\t\t<\/div>\n\t\t\t\t\t<\/div>\n\t\t<\/section>\n\t\t\t\t<\/div>\n\t\t","protected":false},"excerpt":{"rendered":"<p>Enfrentemos al linfoma juntos. Los estudios EPCORE est\u00e1n evaluando la seguridad y la eficacia de un medicamento en investigaci\u00f3n para adultos y ni\u00f1os con diferentes tipos de linfoma no Hodgkin. Complete la siguiente encuesta r\u00e1pida y descubra si puede participar en estos estudios EPCORE.<\/p>\n","protected":false},"author":1,"featured_media":1000,"parent":0,"menu_order":0,"comment_status":"closed","ping_status":"closed","template":"elementor_header_footer","meta":{"footnotes":""},"class_list":["post-1158","page","type-page","status-publish","has-post-thumbnail","hentry"],"yoast_head":"<!-- This site is optimized with the Yoast SEO plugin v27.4 - https:\/\/yoast.com\/product\/yoast-seo-wordpress\/ -->\n<title>Ent\u00e9rese si califica - Lymphoma Clinical Research Studies\u2013EPCORE Program<\/title>\n<meta name=\"robots\" content=\"index, follow, max-snippet:-1, max-image-preview:large, max-video-preview:-1\" \/>\n<link rel=\"canonical\" href=\"https:\/\/epcore-trials.com\/es-us\/enterese-si-califica\/\" \/>\n<meta property=\"og:locale\" content=\"es_ES\" \/>\n<meta property=\"og:type\" content=\"article\" \/>\n<meta property=\"og:title\" content=\"Ent\u00e9rese si califica - Lymphoma Clinical Research Studies\u2013EPCORE Program\" \/>\n<meta property=\"og:description\" content=\"Enfrentemos al linfoma juntos. Los estudios EPCORE est\u00e1n evaluando la seguridad y la eficacia de un medicamento en investigaci\u00f3n para adultos y ni\u00f1os con diferentes tipos de linfoma no Hodgkin. Complete la siguiente encuesta r\u00e1pida y descubra si puede participar en estos estudios EPCORE.\" \/>\n<meta property=\"og:url\" content=\"https:\/\/epcore-trials.com\/es-us\/enterese-si-califica\/\" \/>\n<meta property=\"og:site_name\" content=\"Lymphoma Clinical Research Studies\u2013EPCORE Program\" \/>\n<meta property=\"article:modified_time\" content=\"2024-09-04T16:14:57+00:00\" \/>\n<meta property=\"og:image\" content=\"https:\/\/epcore-trials.com\/wp-content\/uploads\/2023\/01\/GettyImages-1322493509.jpg\" \/>\n\t<meta property=\"og:image:width\" content=\"1800\" \/>\n\t<meta property=\"og:image:height\" content=\"1201\" \/>\n\t<meta property=\"og:image:type\" content=\"image\/jpeg\" \/>\n<meta name=\"twitter:card\" content=\"summary_large_image\" \/>\n<meta name=\"twitter:label1\" content=\"Est. reading time\" \/>\n\t<meta name=\"twitter:data1\" content=\"1 minute\" \/>\n<script type=\"application\/ld+json\" class=\"yoast-schema-graph\">{\"@context\":\"https:\\\/\\\/schema.org\",\"@graph\":[{\"@type\":\"WebPage\",\"@id\":\"https:\\\/\\\/epcore-trials.com\\\/es-us\\\/enterese-si-califica\\\/\",\"url\":\"https:\\\/\\\/epcore-trials.com\\\/es-us\\\/enterese-si-califica\\\/\",\"name\":\"Ent\u00e9rese si califica - Lymphoma Clinical Research Studies\u2013EPCORE Program\",\"isPartOf\":{\"@id\":\"https:\\\/\\\/epcore-trials.com\\\/es-us\\\/#website\"},\"primaryImageOfPage\":{\"@id\":\"https:\\\/\\\/epcore-trials.com\\\/es-us\\\/enterese-si-califica\\\/#primaryimage\"},\"image\":{\"@id\":\"https:\\\/\\\/epcore-trials.com\\\/es-us\\\/enterese-si-califica\\\/#primaryimage\"},\"thumbnailUrl\":\"https:\\\/\\\/epcore-trials.com\\\/wp-content\\\/uploads\\\/2023\\\/01\\\/GettyImages-1322493509.jpg\",\"datePublished\":\"2022-12-21T15:01:36+00:00\",\"dateModified\":\"2024-09-04T16:14:57+00:00\",\"breadcrumb\":{\"@id\":\"https:\\\/\\\/epcore-trials.com\\\/es-us\\\/enterese-si-califica\\\/#breadcrumb\"},\"inLanguage\":\"es-US\",\"potentialAction\":[{\"@type\":\"ReadAction\",\"target\":[\"https:\\\/\\\/epcore-trials.com\\\/es-us\\\/enterese-si-califica\\\/\"]}]},{\"@type\":\"ImageObject\",\"inLanguage\":\"es-US\",\"@id\":\"https:\\\/\\\/epcore-trials.com\\\/es-us\\\/enterese-si-califica\\\/#primaryimage\",\"url\":\"https:\\\/\\\/epcore-trials.com\\\/wp-content\\\/uploads\\\/2023\\\/01\\\/GettyImages-1322493509.jpg\",\"contentUrl\":\"https:\\\/\\\/epcore-trials.com\\\/wp-content\\\/uploads\\\/2023\\\/01\\\/GettyImages-1322493509.jpg\",\"width\":1800,\"height\":1201},{\"@type\":\"BreadcrumbList\",\"@id\":\"https:\\\/\\\/epcore-trials.com\\\/es-us\\\/enterese-si-califica\\\/#breadcrumb\",\"itemListElement\":[{\"@type\":\"ListItem\",\"position\":1,\"name\":\"Home\",\"item\":\"https:\\\/\\\/epcore-trials.com\\\/es-us\\\/\"},{\"@type\":\"ListItem\",\"position\":2,\"name\":\"Ent\u00e9rese si califica\"}]},{\"@type\":\"WebSite\",\"@id\":\"https:\\\/\\\/epcore-trials.com\\\/es-us\\\/#website\",\"url\":\"https:\\\/\\\/epcore-trials.com\\\/es-us\\\/\",\"name\":\"Lymphoma Clinical Research Studies\u2013EPCORE Program\",\"description\":\"Explore options for lymphoma by participating in clinical research studies.\",\"publisher\":{\"@id\":\"https:\\\/\\\/epcore-trials.com\\\/es-us\\\/#organization\"},\"potentialAction\":[{\"@type\":\"SearchAction\",\"target\":{\"@type\":\"EntryPoint\",\"urlTemplate\":\"https:\\\/\\\/epcore-trials.com\\\/es-us\\\/?s={search_term_string}\"},\"query-input\":{\"@type\":\"PropertyValueSpecification\",\"valueRequired\":true,\"valueName\":\"search_term_string\"}}],\"inLanguage\":\"es-US\"},{\"@type\":\"Organization\",\"@id\":\"https:\\\/\\\/epcore-trials.com\\\/es-us\\\/#organization\",\"name\":\"Lymphoma Clinical Research Studies\u2013EPCORE Program\",\"url\":\"https:\\\/\\\/epcore-trials.com\\\/es-us\\\/\",\"logo\":{\"@type\":\"ImageObject\",\"inLanguage\":\"es-US\",\"@id\":\"https:\\\/\\\/epcore-trials.com\\\/es-us\\\/#\\\/schema\\\/logo\\\/image\\\/\",\"url\":\"https:\\\/\\\/epcore-trials.com\\\/wp-content\\\/uploads\\\/2022\\\/07\\\/logo.svg\",\"contentUrl\":\"https:\\\/\\\/epcore-trials.com\\\/wp-content\\\/uploads\\\/2022\\\/07\\\/logo.svg\",\"width\":952,\"height\":181,\"caption\":\"Lymphoma Clinical Research Studies\u2013EPCORE Program\"},\"image\":{\"@id\":\"https:\\\/\\\/epcore-trials.com\\\/es-us\\\/#\\\/schema\\\/logo\\\/image\\\/\"}}]}<\/script>\n<!-- \/ Yoast SEO plugin. -->","yoast_head_json":{"title":"Ent\u00e9rese si califica - Lymphoma Clinical Research Studies\u2013EPCORE Program","robots":{"index":"index","follow":"follow","max-snippet":"max-snippet:-1","max-image-preview":"max-image-preview:large","max-video-preview":"max-video-preview:-1"},"canonical":"https:\/\/epcore-trials.com\/es-us\/enterese-si-califica\/","og_locale":"es_ES","og_type":"article","og_title":"Ent\u00e9rese si califica - Lymphoma Clinical Research Studies\u2013EPCORE Program","og_description":"Enfrentemos al linfoma juntos. Los estudios EPCORE est\u00e1n evaluando la seguridad y la eficacia de un medicamento en investigaci\u00f3n para adultos y ni\u00f1os con diferentes tipos de linfoma no Hodgkin. Complete la siguiente encuesta r\u00e1pida y descubra si puede participar en estos estudios EPCORE.","og_url":"https:\/\/epcore-trials.com\/es-us\/enterese-si-califica\/","og_site_name":"Lymphoma Clinical Research Studies\u2013EPCORE Program","article_modified_time":"2024-09-04T16:14:57+00:00","og_image":[{"width":1800,"height":1201,"url":"https:\/\/epcore-trials.com\/wp-content\/uploads\/2023\/01\/GettyImages-1322493509.jpg","type":"image\/jpeg"}],"twitter_card":"summary_large_image","twitter_misc":{"Est. reading time":"1 minute"},"schema":{"@context":"https:\/\/schema.org","@graph":[{"@type":"WebPage","@id":"https:\/\/epcore-trials.com\/es-us\/enterese-si-califica\/","url":"https:\/\/epcore-trials.com\/es-us\/enterese-si-califica\/","name":"Ent\u00e9rese si califica - Lymphoma Clinical Research Studies\u2013EPCORE Program","isPartOf":{"@id":"https:\/\/epcore-trials.com\/es-us\/#website"},"primaryImageOfPage":{"@id":"https:\/\/epcore-trials.com\/es-us\/enterese-si-califica\/#primaryimage"},"image":{"@id":"https:\/\/epcore-trials.com\/es-us\/enterese-si-califica\/#primaryimage"},"thumbnailUrl":"https:\/\/epcore-trials.com\/wp-content\/uploads\/2023\/01\/GettyImages-1322493509.jpg","datePublished":"2022-12-21T15:01:36+00:00","dateModified":"2024-09-04T16:14:57+00:00","breadcrumb":{"@id":"https:\/\/epcore-trials.com\/es-us\/enterese-si-califica\/#breadcrumb"},"inLanguage":"es-US","potentialAction":[{"@type":"ReadAction","target":["https:\/\/epcore-trials.com\/es-us\/enterese-si-califica\/"]}]},{"@type":"ImageObject","inLanguage":"es-US","@id":"https:\/\/epcore-trials.com\/es-us\/enterese-si-califica\/#primaryimage","url":"https:\/\/epcore-trials.com\/wp-content\/uploads\/2023\/01\/GettyImages-1322493509.jpg","contentUrl":"https:\/\/epcore-trials.com\/wp-content\/uploads\/2023\/01\/GettyImages-1322493509.jpg","width":1800,"height":1201},{"@type":"BreadcrumbList","@id":"https:\/\/epcore-trials.com\/es-us\/enterese-si-califica\/#breadcrumb","itemListElement":[{"@type":"ListItem","position":1,"name":"Home","item":"https:\/\/epcore-trials.com\/es-us\/"},{"@type":"ListItem","position":2,"name":"Ent\u00e9rese si califica"}]},{"@type":"WebSite","@id":"https:\/\/epcore-trials.com\/es-us\/#website","url":"https:\/\/epcore-trials.com\/es-us\/","name":"Lymphoma Clinical Research Studies\u2013EPCORE Program","description":"Explore options for lymphoma by participating in clinical research studies.","publisher":{"@id":"https:\/\/epcore-trials.com\/es-us\/#organization"},"potentialAction":[{"@type":"SearchAction","target":{"@type":"EntryPoint","urlTemplate":"https:\/\/epcore-trials.com\/es-us\/?s={search_term_string}"},"query-input":{"@type":"PropertyValueSpecification","valueRequired":true,"valueName":"search_term_string"}}],"inLanguage":"es-US"},{"@type":"Organization","@id":"https:\/\/epcore-trials.com\/es-us\/#organization","name":"Lymphoma Clinical Research Studies\u2013EPCORE Program","url":"https:\/\/epcore-trials.com\/es-us\/","logo":{"@type":"ImageObject","inLanguage":"es-US","@id":"https:\/\/epcore-trials.com\/es-us\/#\/schema\/logo\/image\/","url":"https:\/\/epcore-trials.com\/wp-content\/uploads\/2022\/07\/logo.svg","contentUrl":"https:\/\/epcore-trials.com\/wp-content\/uploads\/2022\/07\/logo.svg","width":952,"height":181,"caption":"Lymphoma Clinical Research Studies\u2013EPCORE Program"},"image":{"@id":"https:\/\/epcore-trials.com\/es-us\/#\/schema\/logo\/image\/"}}]}},"_links":{"self":[{"href":"https:\/\/epcore-trials.com\/es-us\/wp-json\/wp\/v2\/pages\/1158","targetHints":{"allow":["GET"]}}],"collection":[{"href":"https:\/\/epcore-trials.com\/es-us\/wp-json\/wp\/v2\/pages"}],"about":[{"href":"https:\/\/epcore-trials.com\/es-us\/wp-json\/wp\/v2\/types\/page"}],"author":[{"embeddable":true,"href":"https:\/\/epcore-trials.com\/es-us\/wp-json\/wp\/v2\/users\/1"}],"replies":[{"embeddable":true,"href":"https:\/\/epcore-trials.com\/es-us\/wp-json\/wp\/v2\/comments?post=1158"}],"version-history":[{"count":0,"href":"https:\/\/epcore-trials.com\/es-us\/wp-json\/wp\/v2\/pages\/1158\/revisions"}],"wp:featuredmedia":[{"embeddable":true,"href":"https:\/\/epcore-trials.com\/es-us\/wp-json\/wp\/v2\/media\/1000"}],"wp:attachment":[{"href":"https:\/\/epcore-trials.com\/es-us\/wp-json\/wp\/v2\/media?parent=1158"}],"curies":[{"name":"wp","href":"https:\/\/api.w.org\/{rel}","templated":true}]}}