{"id":1156,"date":"2022-07-08T17:58:06","date_gmt":"2022-07-08T21:58:06","guid":{"rendered":"https:\/\/epcore-trials.com\/legal-notice\/"},"modified":"2024-04-12T18:16:11","modified_gmt":"2024-04-12T22:16:11","slug":"aviso-legal","status":"publish","type":"page","link":"https:\/\/epcore-trials.com\/es-us\/aviso-legal\/","title":{"rendered":"Aviso legal"},"content":{"rendered":"\n<p><strong>Aceptaci\u00f3n del acuerdo.<\/strong> Su acceso y uso del sitio web <a href=\"\/es-us\">EPCORE-trials.com<\/a> (el \u201cSitio\u201d), que Clinical Trial Media, Inc. mantiene (<a href=\"https:\/\/www.clinicaltrialmedia.com\" target=\"_blank\" rel=\"noreferrer noopener\">www.clinicaltrialmedia.com<\/a>), est\u00e1 sujeto a los siguientes t\u00e9rminos y condiciones y\u00a0a\u00a0todas las leyes vigentes. Al acceder y navegar por el Sitio, usted acepta y acuerda, sin limitaciones ni excepciones, los t\u00e9rminos y las condiciones, y\u00a0reconoce que cualquier otro acuerdo entre usted y\u00a0Clinical Trial Media es sustituido y no tiene vigor ni efecto con respecto a su acceso y uso de este Sitio.<\/p>\n\n\n\n<p><strong>Alcance del uso.<\/strong> Clinical Trial Media mantiene el&nbsp;Sitio&nbsp;para su informaci\u00f3n personal, educaci\u00f3n y&nbsp;comunicaci\u00f3n. Si\u00e9ntase libre de navegar en el Sitio. Puede descargar el material que aparece en el Sitio solo con fines personales no comerciales, siempre que&nbsp;mantenga en los materiales todos los avisos de derecho de autor y otros de propiedad. Sin embargo, no puede distribuir, modificar, transmitir, reutilizar, volver a publicar o usar el contenido del Sitio con fines comerciales, incluso el texto y las im\u00e1genes, sin el permiso escrito de Clinical Trial Media. Comprende que Clinical Trial Media no declara que la informaci\u00f3n en el Sitio es adecuada o est\u00e1 disponible para usarse en lugares fuera de los Estados Unidos y est\u00e1 prohibido el acceso al Sitio desde territorios en los que el contenido del Sitio puede ser ilegal o inadecuado. Aquellos que decidan acceder al Sitio desde otros lugares lo hacen por su propia iniciativa y son responsables por el cumplimiento de las leyes locales vigentes.<\/p>\n\n\n\n<p><strong>No proporciona asesoramiento m\u00e9dico.<\/strong> El Sitio no&nbsp;proporciona asesoramiento m\u00e9dico. Con una excepci\u00f3n limitada, los productos que se analizan en&nbsp;el&nbsp;Sitio est\u00e1n disponibles solo con receta de un profesional m\u00e9dico certificado. El Sitio no proporciona servicios o asesoramiento m\u00e9dico o profesional similar, y la informaci\u00f3n provista en el Sitio no tiene la intenci\u00f3n de reemplazar el asesoramiento m\u00e9dico ofrecido por un profesional de atenci\u00f3n m\u00e9dica. Si&nbsp;desea o necesita tal servicio o asesoramiento, debe consultar de inmediato a un m\u00e9dico o proveedor de atenci\u00f3n m\u00e9dica profesional.<\/p>\n\n\n\n<p><strong>Protecci\u00f3n de derechos de autor.<\/strong> Debe suponer que todo lo que ve o lee en el Sitio est\u00e1 protegido por derechos de autor, a menos que se indique los contrario, y no se puede usar excepto como se indica en estos t\u00e9rminos y condiciones, o en el texto en el Sitio, sin el permiso escrito del Sitio. El Sitio no garantiza ni declara que el uso de los materiales que aparecen en el Sitio no infringir\u00e1 los derechos de terceros que no son propiedad ni est\u00e1n afiliados con el&nbsp;Sitio.<\/p>\n\n\n\n<p><strong>Marcas comerciales. <\/strong>Las marcas comerciales, nombres comerciales, logotipos y marcas de servicio (en conjunto las \u201cMarcas comerciales\u201d) que aparecen en el Sitio son marcas comerciales registradas o no de&nbsp;Clinical Trial Media y otros. Nada de lo que el Sitio&nbsp;contiene debe considerarse que otorga, por implicaci\u00f3n, impedimento o de otra manera, cualquier licencia o derecho de uso de cualquier marca comercial que aparece en el Sitio, sin el permiso escrito de Clinical Trial Media, o un tercero que pueda ser propietario de las marcas comerciales que aparecen en el Sitio. El uso de las marcas comerciales que aparecen en el Sitio, o de cualquier otro contenido del Sitio, excepto como se indica en estos t\u00e9rminos y&nbsp;condiciones, est\u00e1 estrictamente prohibido. Tambi\u00e9n se le informa que Clinical Trial Media har\u00e1 cumplir estrictamente sus derechos de propiedad intelectual hasta el alcance m\u00e1ximo de la ley, incluso iniciar acciones penales.<\/p>\n\n\n\n<p><strong>Exclusi\u00f3n de garant\u00eda. <\/strong>Mientras que Clinical Trial Media usa esfuerzos razonables para incluir informaci\u00f3n precisa y actualizada en el Sitio, Clinical Trial Media no garantiza ni declara su precisi\u00f3n. Clinical Trial Media no asume ninguna responsabilidad por errores u omisiones en el contenido del Sitio. Sin limitar lo anterior, todo lo que aparece en el Sitio se le&nbsp;proporciona \u201cCOMO EST\u00c1\u201d SIN GARANT\u00cdAS DE&nbsp;NING\u00daN TIPO, EXPRESAS O IMPL\u00cdCITAS, INCLUSO LAS GARANT\u00cdAS DE COMERCIABILIDAD IMPL\u00cdCITAS, ADECUACI\u00d3N A UN PROP\u00d3SITO PARTICULAR O NO INCUMPLIMIENTO. Tenga en cuenta que es posible que algunas jurisdicciones no permitan la exclusi\u00f3n de las garant\u00edas impl\u00edcitas, por lo que algunas de las exclusiones anteriores pueden no aplicarse a usted. Consulte las leyes locales para ver las restricciones o limitaciones con respecto a la exclusi\u00f3n de garant\u00edas impl\u00edcitas.<\/p>\n\n\n\n<p><strong>Limitaci\u00f3n de responsabilidad. <\/strong>Su uso y navegaci\u00f3n del Sitio son de su exclusiva responsabilidad. Ni el Sitio ni otras partes involucradas en la creaci\u00f3n, producci\u00f3n o entrega del Sitio son responsables por&nbsp;los da\u00f1os directos, contingentes, consecuentes, indirectos o punitivos, que surjan de su acceso o uso del Sitio. El Sitio o Clinical Trial Media no asumen ninguna responsabilidad y no ser\u00e1n responsables de&nbsp;ning\u00fan da\u00f1o o virus que puedan infectar su computadora u otra propiedad debido a su acceso, uso&nbsp;o navegaci\u00f3n del Sitio, o por descargar materiales, datos o im\u00e1genes del Sitio.<\/p>\n\n\n\n<p><strong>Transmisiones prohibidas.<\/strong> Determinadas \u00e1reas del&nbsp;Sitio pueden permitirle acceso a foros en l\u00ednea y&nbsp;a&nbsp;enviar correos electr\u00f3nicos, o de otra manera proporcionar comentarios al Sitio. Clinical Trial Media no respalda y, espec\u00edficamente, se exime de responsabilidad por cualquier contenido en esas incursiones. No puede publicar ni transmitir materiales ilegales, amenazantes, difamatorios, obscenos, indecentes, incendiarios, pornogr\u00e1ficos o profanos, ni&nbsp;material que podr\u00eda constituir o fomentar una conducta que se considerar\u00eda un delito penal, originar una responsabilidad civil o de otra manera infringir la ley. Adem\u00e1s, est\u00e1 prohibido publicar o transmitir informaci\u00f3n que (a) infrinja los derechos de otras personas o viole la privacidad o derechos de publicidad; (b) est\u00e9 protegida por derechos de autor, marcas registradas u otros derechos de propiedad, a&nbsp;menos que tenga el permiso expreso por escrito del propietario de tales derechos; (c) contenga un virus u&nbsp;otro elemento da\u00f1ino; o (d) se use conspirar ilegalmente contra otra persona en restricci\u00f3n de comercio o competencia. Ser\u00e1 el \u00fanico responsable de los da\u00f1os que se produzcan por infringir los derechos de autor, las marcas comerciales u otro derecho de propiedad, o cualquier otro da\u00f1o que resulte del uso del Sitio.<\/p>\n\n\n\n<p><strong>Env\u00edos de uso.<\/strong> Todos los datos personales (incluida la IMPI, es decir, la informaci\u00f3n que lo identifica personalmente) en las comunicaciones electr\u00f3nicas con el Sitio, est\u00e1n regidos por la Pol\u00edtica de privacidad del Sitio. Por otro lado, todas las comunicaciones o&nbsp;materiales que transmita al Sitio por correo electr\u00f3nico, o de otra manera, incluso los datos no personales, las preguntas, los comentarios, las sugerencias o cosas similares, ser\u00e1n tratados como informaci\u00f3n no confidencial ni de propiedad. Usted comprende que la informaci\u00f3n que comunique o el material que transmita o publique puede ser usado por Clinical Trial Media o sus afiliados para cualquier fin, incluso, entre otros, la reproducci\u00f3n, la divulgaci\u00f3n, la&nbsp;transmisi\u00f3n, la publicaci\u00f3n, la difusi\u00f3n y la impresi\u00f3n. Adem\u00e1s, Clinical Trial Media tiene la libertad de usar las ideas, los conceptos, el conocimiento, los procesos o las t\u00e9cnicas contenidas en cualquier comunicaci\u00f3n que env\u00ede al Sitio, para cualquier fin, incluso para desarrollar, fabricar, comercializar y vender productos y servicios que usen tales ideas, conceptos, conocimientos, procesos o t\u00e9cnicas.<\/p>\n\n\n\n<p><strong>Enlaces a otros sitios.<\/strong> Clinical Trial Media no revis\u00f3 todos los sitios con enlaces en el Sitio y no es responsable por el contenido de ninguna de esas p\u00e1ginas fuera del sitio, o de cualquier otro sitio con enlaces en el Sitio. Si usa los enlaces a otras p\u00e1ginas fuera del sitio o a otros sitios, lo hace bajo su exclusiva responsabilidad. Una vez que usa un enlace a otro sitio, aseg\u00farese de revisar el aviso legal y la pol\u00edtica de privacidad del nuevo sitio. Puede ser diferente de los que rigen este Sitio.<\/p>\n\n\n\n<p><strong>Modificaci\u00f3n del acuerdo.<\/strong> Clinical Trial Media puede, en cualquier momento, revisar los t\u00e9rminos y&nbsp;condiciones de este acuerdo que rige el uso del Sitio. Si se cambia cualquier t\u00e9rmino o condici\u00f3n que se incluye en este Aviso legal, se debe publicar en el Sitio el aviso enmendado. Est\u00e1 obligado por tales revisiones y, por lo tanto, debe revisar los t\u00e9rminos y condiciones peri\u00f3dicamente.<\/p>\n","protected":false},"excerpt":{"rendered":"<p>Aceptaci\u00f3n del acuerdo. Su acceso y uso del sitio web EPCORE-trials.com (el \u201cSitio\u201d), que Clinical Trial Media, Inc. mantiene (www.clinicaltrialmedia.com), est\u00e1 sujeto a los siguientes t\u00e9rminos y condiciones y\u00a0a\u00a0todas las leyes vigentes. Al acceder y navegar por el Sitio, usted acepta y acuerda, sin limitaciones ni excepciones, los t\u00e9rminos y las condiciones, y\u00a0reconoce que cualquier [&hellip;]<\/p>\n","protected":false},"author":2,"featured_media":0,"parent":0,"menu_order":0,"comment_status":"closed","ping_status":"closed","template":"","meta":{"footnotes":""},"class_list":["post-1156","page","type-page","status-publish","hentry"],"yoast_head":"<!-- This site is optimized with the Yoast SEO plugin v27.5 - https:\/\/yoast.com\/product\/yoast-seo-wordpress\/ -->\n<title>Aviso legal - Lymphoma Clinical Research Studies\u2013EPCORE Program<\/title>\n<meta name=\"robots\" content=\"index, follow, max-snippet:-1, max-image-preview:large, max-video-preview:-1\" \/>\n<link rel=\"canonical\" href=\"https:\/\/epcore-trials.com\/es-us\/aviso-legal\/\" \/>\n<meta property=\"og:locale\" content=\"es_ES\" \/>\n<meta property=\"og:type\" content=\"article\" \/>\n<meta property=\"og:title\" content=\"Aviso legal - Lymphoma Clinical Research Studies\u2013EPCORE Program\" \/>\n<meta property=\"og:description\" content=\"Aceptaci\u00f3n del acuerdo. Su acceso y uso del sitio web EPCORE-trials.com (el \u201cSitio\u201d), que Clinical Trial Media, Inc. mantiene (www.clinicaltrialmedia.com), est\u00e1 sujeto a los siguientes t\u00e9rminos y condiciones y\u00a0a\u00a0todas las leyes vigentes. Al acceder y navegar por el Sitio, usted acepta y acuerda, sin limitaciones ni excepciones, los t\u00e9rminos y las condiciones, y\u00a0reconoce que cualquier [&hellip;]\" \/>\n<meta property=\"og:url\" content=\"https:\/\/epcore-trials.com\/es-us\/aviso-legal\/\" \/>\n<meta property=\"og:site_name\" content=\"Lymphoma Clinical Research Studies\u2013EPCORE Program\" \/>\n<meta property=\"article:modified_time\" content=\"2024-04-12T22:16:11+00:00\" \/>\n<meta name=\"twitter:card\" content=\"summary_large_image\" \/>\n<meta name=\"twitter:label1\" content=\"Est. reading time\" \/>\n\t<meta name=\"twitter:data1\" content=\"6 minutes\" \/>\n<script type=\"application\/ld+json\" class=\"yoast-schema-graph\">{\"@context\":\"https:\\\/\\\/schema.org\",\"@graph\":[{\"@type\":\"WebPage\",\"@id\":\"https:\\\/\\\/epcore-trials.com\\\/es-us\\\/aviso-legal\\\/\",\"url\":\"https:\\\/\\\/epcore-trials.com\\\/es-us\\\/aviso-legal\\\/\",\"name\":\"Aviso legal - Lymphoma Clinical Research Studies\u2013EPCORE Program\",\"isPartOf\":{\"@id\":\"https:\\\/\\\/epcore-trials.com\\\/es-us\\\/#website\"},\"datePublished\":\"2022-07-08T21:58:06+00:00\",\"dateModified\":\"2024-04-12T22:16:11+00:00\",\"breadcrumb\":{\"@id\":\"https:\\\/\\\/epcore-trials.com\\\/es-us\\\/aviso-legal\\\/#breadcrumb\"},\"inLanguage\":\"es-US\",\"potentialAction\":[{\"@type\":\"ReadAction\",\"target\":[\"https:\\\/\\\/epcore-trials.com\\\/es-us\\\/aviso-legal\\\/\"]}]},{\"@type\":\"BreadcrumbList\",\"@id\":\"https:\\\/\\\/epcore-trials.com\\\/es-us\\\/aviso-legal\\\/#breadcrumb\",\"itemListElement\":[{\"@type\":\"ListItem\",\"position\":1,\"name\":\"Home\",\"item\":\"https:\\\/\\\/epcore-trials.com\\\/es-us\\\/\"},{\"@type\":\"ListItem\",\"position\":2,\"name\":\"Aviso legal\"}]},{\"@type\":\"WebSite\",\"@id\":\"https:\\\/\\\/epcore-trials.com\\\/es-us\\\/#website\",\"url\":\"https:\\\/\\\/epcore-trials.com\\\/es-us\\\/\",\"name\":\"Lymphoma Clinical Research Studies\u2013EPCORE Program\",\"description\":\"Explore options for lymphoma by participating in clinical research studies.\",\"publisher\":{\"@id\":\"https:\\\/\\\/epcore-trials.com\\\/es-us\\\/#organization\"},\"potentialAction\":[{\"@type\":\"SearchAction\",\"target\":{\"@type\":\"EntryPoint\",\"urlTemplate\":\"https:\\\/\\\/epcore-trials.com\\\/es-us\\\/?s={search_term_string}\"},\"query-input\":{\"@type\":\"PropertyValueSpecification\",\"valueRequired\":true,\"valueName\":\"search_term_string\"}}],\"inLanguage\":\"es-US\"},{\"@type\":\"Organization\",\"@id\":\"https:\\\/\\\/epcore-trials.com\\\/es-us\\\/#organization\",\"name\":\"Lymphoma Clinical Research Studies\u2013EPCORE Program\",\"url\":\"https:\\\/\\\/epcore-trials.com\\\/es-us\\\/\",\"logo\":{\"@type\":\"ImageObject\",\"inLanguage\":\"es-US\",\"@id\":\"https:\\\/\\\/epcore-trials.com\\\/es-us\\\/#\\\/schema\\\/logo\\\/image\\\/\",\"url\":\"https:\\\/\\\/epcore-trials.com\\\/wp-content\\\/uploads\\\/2022\\\/07\\\/logo.svg\",\"contentUrl\":\"https:\\\/\\\/epcore-trials.com\\\/wp-content\\\/uploads\\\/2022\\\/07\\\/logo.svg\",\"width\":952,\"height\":181,\"caption\":\"Lymphoma Clinical Research Studies\u2013EPCORE Program\"},\"image\":{\"@id\":\"https:\\\/\\\/epcore-trials.com\\\/es-us\\\/#\\\/schema\\\/logo\\\/image\\\/\"}}]}<\/script>\n<!-- \/ Yoast SEO plugin. -->","yoast_head_json":{"title":"Aviso legal - Lymphoma Clinical Research Studies\u2013EPCORE Program","robots":{"index":"index","follow":"follow","max-snippet":"max-snippet:-1","max-image-preview":"max-image-preview:large","max-video-preview":"max-video-preview:-1"},"canonical":"https:\/\/epcore-trials.com\/es-us\/aviso-legal\/","og_locale":"es_ES","og_type":"article","og_title":"Aviso legal - Lymphoma Clinical Research Studies\u2013EPCORE Program","og_description":"Aceptaci\u00f3n del acuerdo. Su acceso y uso del sitio web EPCORE-trials.com (el \u201cSitio\u201d), que Clinical Trial Media, Inc. mantiene (www.clinicaltrialmedia.com), est\u00e1 sujeto a los siguientes t\u00e9rminos y condiciones y\u00a0a\u00a0todas las leyes vigentes. Al acceder y navegar por el Sitio, usted acepta y acuerda, sin limitaciones ni excepciones, los t\u00e9rminos y las condiciones, y\u00a0reconoce que cualquier [&hellip;]","og_url":"https:\/\/epcore-trials.com\/es-us\/aviso-legal\/","og_site_name":"Lymphoma Clinical Research Studies\u2013EPCORE Program","article_modified_time":"2024-04-12T22:16:11+00:00","twitter_card":"summary_large_image","twitter_misc":{"Est. reading time":"6 minutes"},"schema":{"@context":"https:\/\/schema.org","@graph":[{"@type":"WebPage","@id":"https:\/\/epcore-trials.com\/es-us\/aviso-legal\/","url":"https:\/\/epcore-trials.com\/es-us\/aviso-legal\/","name":"Aviso legal - Lymphoma Clinical Research Studies\u2013EPCORE Program","isPartOf":{"@id":"https:\/\/epcore-trials.com\/es-us\/#website"},"datePublished":"2022-07-08T21:58:06+00:00","dateModified":"2024-04-12T22:16:11+00:00","breadcrumb":{"@id":"https:\/\/epcore-trials.com\/es-us\/aviso-legal\/#breadcrumb"},"inLanguage":"es-US","potentialAction":[{"@type":"ReadAction","target":["https:\/\/epcore-trials.com\/es-us\/aviso-legal\/"]}]},{"@type":"BreadcrumbList","@id":"https:\/\/epcore-trials.com\/es-us\/aviso-legal\/#breadcrumb","itemListElement":[{"@type":"ListItem","position":1,"name":"Home","item":"https:\/\/epcore-trials.com\/es-us\/"},{"@type":"ListItem","position":2,"name":"Aviso legal"}]},{"@type":"WebSite","@id":"https:\/\/epcore-trials.com\/es-us\/#website","url":"https:\/\/epcore-trials.com\/es-us\/","name":"Lymphoma Clinical Research Studies\u2013EPCORE Program","description":"Explore options for lymphoma by participating in clinical research studies.","publisher":{"@id":"https:\/\/epcore-trials.com\/es-us\/#organization"},"potentialAction":[{"@type":"SearchAction","target":{"@type":"EntryPoint","urlTemplate":"https:\/\/epcore-trials.com\/es-us\/?s={search_term_string}"},"query-input":{"@type":"PropertyValueSpecification","valueRequired":true,"valueName":"search_term_string"}}],"inLanguage":"es-US"},{"@type":"Organization","@id":"https:\/\/epcore-trials.com\/es-us\/#organization","name":"Lymphoma Clinical Research Studies\u2013EPCORE Program","url":"https:\/\/epcore-trials.com\/es-us\/","logo":{"@type":"ImageObject","inLanguage":"es-US","@id":"https:\/\/epcore-trials.com\/es-us\/#\/schema\/logo\/image\/","url":"https:\/\/epcore-trials.com\/wp-content\/uploads\/2022\/07\/logo.svg","contentUrl":"https:\/\/epcore-trials.com\/wp-content\/uploads\/2022\/07\/logo.svg","width":952,"height":181,"caption":"Lymphoma Clinical Research Studies\u2013EPCORE Program"},"image":{"@id":"https:\/\/epcore-trials.com\/es-us\/#\/schema\/logo\/image\/"}}]}},"_links":{"self":[{"href":"https:\/\/epcore-trials.com\/es-us\/wp-json\/wp\/v2\/pages\/1156","targetHints":{"allow":["GET"]}}],"collection":[{"href":"https:\/\/epcore-trials.com\/es-us\/wp-json\/wp\/v2\/pages"}],"about":[{"href":"https:\/\/epcore-trials.com\/es-us\/wp-json\/wp\/v2\/types\/page"}],"author":[{"embeddable":true,"href":"https:\/\/epcore-trials.com\/es-us\/wp-json\/wp\/v2\/users\/2"}],"replies":[{"embeddable":true,"href":"https:\/\/epcore-trials.com\/es-us\/wp-json\/wp\/v2\/comments?post=1156"}],"version-history":[{"count":0,"href":"https:\/\/epcore-trials.com\/es-us\/wp-json\/wp\/v2\/pages\/1156\/revisions"}],"wp:attachment":[{"href":"https:\/\/epcore-trials.com\/es-us\/wp-json\/wp\/v2\/media?parent=1156"}],"curies":[{"name":"wp","href":"https:\/\/api.w.org\/{rel}","templated":true}]}}