{"id":2833,"date":"2022-07-08T17:58:06","date_gmt":"2022-07-08T21:58:06","guid":{"rendered":"https:\/\/epcore-trials.com\/legal-notice\/"},"modified":"2023-09-27T12:28:26","modified_gmt":"2023-09-27T16:28:26","slug":"aviso-legal","status":"publish","type":"page","link":"https:\/\/epcore-trials.com\/es-pr\/aviso-legal\/","title":{"rendered":"Aviso legal"},"content":{"rendered":"\n<p><strong>Aceptaci\u00f3n del acuerdo.<\/strong> Su acceso al sitio web <a href=\"\/es-pr\">EPCORE-trials.com<\/a> y el uso que hace de dicho sitio (el \u201cSitio\u201d), que mantiene Clinical Trial Media, Inc.&nbsp;(<a href=\"https:\/\/www.clinicaltrialmedia.com\" target=\"_blank\" rel=\"noreferrer noopener\">www.clinicaltrialmedia.com<\/a>), est\u00e1 sujeto a&nbsp;los&nbsp;siguientes t\u00e9rminos y condiciones y todas las&nbsp;leyes aplicables. Al acceder al sitio y explorarlo, acepta las condiciones sin limitaciones ni reservas, y&nbsp;acepta que cualquier otro acuerdo que exista entre&nbsp;usted y Clinical Trial Media no tiene validez ni&nbsp;vigencia con respecto a su acceso y uso del sitio.<\/p>\n\n\n\n<p><strong>Alcance del uso.<\/strong> Clinical Trial Media mantiene el&nbsp;sitio para su informaci\u00f3n personal, educaci\u00f3n y&nbsp;comunicaci\u00f3n. Puede explorarlo con libertad. Puede descargar todos los materiales que haya en&nbsp;el&nbsp;sitio para su uso personal no comercial \u00fanicamente, con la condici\u00f3n de que conserve todos los avisos de copyright y de propiedad incluidos en&nbsp;los materiales. Sin embargo, no puede distribuir, modificar, transmitir, reutilizar, republicar ni usar el&nbsp;contenido del sitio, lo que incluye tanto el texto como las im\u00e1genes, con fines comerciales sin el&nbsp;permiso por escrito de Clinical Trial Media. Comprende que Clinical Trial Media no afirma que&nbsp;la&nbsp;informaci\u00f3n incluida en el sitio sea adecuada o&nbsp;est\u00e9 disponible para uso en ubicaciones fuera de&nbsp;los Estados Unidos, y que est\u00e1 prohibido el&nbsp;acceso al sitio desde territorios en los que el&nbsp;contenido del sitio podr\u00eda ser ilegal o inapropiado. Quienes elijan acceder al sitio desde otras ubicaciones, lo hacen bajo su propia iniciativa y son responsables de cumplir las leyes locales aplicables.<\/p>\n\n\n\n<p><strong>Ning\u00fan consejo m\u00e9dico.<\/strong> El sitio no proporciona ning\u00fan consejo m\u00e9dico. Con excepciones limitadas, los productos que se mencionan en el sitio est\u00e1n disponibles solo con receta de un profesional m\u00e9dico con licencia. El sitio no se dedica a brindar asesoramiento ni servicios profesionales m\u00e9dicos o&nbsp;similares, y la informaci\u00f3n incluida en el sitio no&nbsp;tiene por finalidad reemplazar el consejo m\u00e9dico que brinda un proveedor de servicios m\u00e9dicos. Si&nbsp;desea o necesita estos servicios o consejos, debe&nbsp;consultar a la brevedad a un m\u00e9dico o&nbsp;un&nbsp;profesional de la salud.<\/p>\n\n\n\n<p><strong>Protecci\u00f3n del copyright.<\/strong> Debe suponer que todo lo&nbsp;que ve y lee en el sitio est\u00e1 protegido por&nbsp;copyright, a menos que se indique lo contrario, y&nbsp;que no se puede usar sin el permiso por escrito del&nbsp;sitio excepto seg\u00fan se describe en estas condiciones o seg\u00fan se indique en el texto del sitio. El sitio no garantiza ni afirma que su uso de&nbsp;los&nbsp;materiales incluidos en el sitio no infringir\u00e1 los&nbsp;derechos de terceros que no pertenecen al sitio ni&nbsp;est\u00e1n afiliados a \u00e9l.<\/p>\n\n\n\n<p><strong>Marcas comerciales. <\/strong>Las marcas comerciales, los\u00a0nombres de marcas, los logotipos y las marcas de\u00a0servicios (en su conjunto, las \u201cMarcas comerciales\u201d) que se muestran en el sitio son marcas comerciales registradas y no registradas de\u00a0Clinical Trial Media y otros. Nada de lo que se\u00a0incluye en el sitio se debe interpretar como la\u00a0concesi\u00f3n, por implicaci\u00f3n, impedimento o\u00a0de\u00a0otra\u00a0forma, de una licencia o derecho de uso de\u00a0cualquiera de las marcas comerciales incluidas en\u00a0el sitio sin el permiso por escrito de Clinical Trial Media o el tercero a quien pertenezca la marca comercial incluida en el sitio. Su uso de las Marcas comerciales incluidas en el sitio, o de cualquier otro contenido del sitio, excepto seg\u00fan lo que se describe en estas condiciones, est\u00e1 estrictamente prohibido. Tambi\u00e9n tenga en cuenta que Clinical Trial Media har\u00e1 aplicar estrictamente sus derechos de propiedad intelectual con el mayor alcance posible que la ley permita, incluida la posibilidad de procesamiento penal.<\/p>\n\n\n\n<p><strong>Exclusi\u00f3n de garant\u00eda. <\/strong>Si bien Clinical Trial Media realiza un esfuerzo razonable por incluir informaci\u00f3n correcta y actualizada en el sitio, Clinical Trial Media no garantiza ni afirma que la informaci\u00f3n sea correcta. Clinical Trial Media no asume ninguna responsabilidad por errores u omisiones en\u00a0el\u00a0contenido del sitio. Sin perjuicio de lo anterior, todo lo que se incluya en el sitio se le proporciona \u201cCOMO EST\u00c1\u201d, SIN NINGUNA GARANT\u00cdA DE\u00a0NING\u00daN TIPO, YA SEA EXPL\u00cdCITA O\u00a0IMPL\u00cdCITA, INCLUIDAS, ENTRE OTRAS, LAS\u00a0GARANT\u00cdAS IMPL\u00cdCITAS DE\u00a0COMERCIABILIDAD, IDONEIDAD PARA\u00a0UN\u00a0USO ESPEC\u00cdFICO O AUSENCIA DE\u00a0INFRACCIONES. Tenga en cuenta que algunas jurisdicciones podr\u00edan no permitir la exclusi\u00f3n de las garant\u00edas impl\u00edcitas, en cuyo caso algunas de las exclusiones mencionadas podr\u00edan no ser aplicables para usted. Consulte sus leyes locales para conocer las restricciones o limitaciones respecto de\u00a0la\u00a0exclusi\u00f3n de las garant\u00edas impl\u00edcitas.<\/p>\n\n\n\n<p><strong>Limitaci\u00f3n de la responsabilidad. <\/strong>Usted usa y&nbsp;explora el sitio bajo su propio riesgo. Ni el sitio ni&nbsp;ninguna otra parte involucrada en la creaci\u00f3n, producci\u00f3n o entrega del sitio es responsable por&nbsp;ning\u00fan da\u00f1o directo, accidental, resultante, indirecto o punitivo que surja por su acceso al sitio o&nbsp;el uso de&nbsp;este. El sitio y Clinical Trial Media no&nbsp;asumen ninguna responsabilidad ni ser\u00e1n responsables por ning\u00fan da\u00f1o o virus que pudieran infectar su&nbsp;computadora, equipo u otra propiedad por&nbsp;haber accedido al sitio, haberlo usado o&nbsp;explorado, o por haber descargado cualquiera de&nbsp;los materiales, datos, texto o im\u00e1genes del sitio.<\/p>\n\n\n\n<p><strong>Transmisiones prohibidas.<\/strong> Ciertas \u00e1reas del sitio podr\u00edan permitirle acceder a foros online y enviar mensajes de correo electr\u00f3nico o enviar comentarios al sitio por alg\u00fan otro medio. Clinical Trial Media no&nbsp;respalda, y espec\u00edficamente rechaza, toda&nbsp;responsabilidad por el contenido de estos foros. Usted no puede publicar ni transmitir ning\u00fan material ilegal, amenazador, difamatorio, calumnioso, obsceno, indecente, provocativo, pornogr\u00e1fico o&nbsp;profano ni ning\u00fan material que pudiera constituir o&nbsp;animar conducta que se pudiera considerar como una ofensa delictiva, que pudiera dar origen a&nbsp;responsabilidad civil o que de alguna otra manera infrinja la ley. Asimismo, tiene prohibido publicar o&nbsp;transmitir toda informaci\u00f3n que (a) infrinja los derechos de los dem\u00e1s o infrinja sus derechos de&nbsp;privacidad o publicidad, (b) est\u00e9 protegida por copyright, marca registrada o alg\u00fan otro derecho de&nbsp;propiedad, a menos que cuente con el permiso expreso por escrito del propietario de dicho derecho, (c) contenga un virus, error o alg\u00fan otro elemento da\u00f1ino, o (d) se use para conspirar de manera ilegal contra otra persona para limitar el comercio o&nbsp;la&nbsp;competencia. Usted ser\u00e1 el \u00fanico responsable por cualquier da\u00f1o ocasionado por la infracci\u00f3n de&nbsp;los derechos de copyright, marca registrada o&nbsp;alg\u00fan otro derecho de propiedad, y por todo otro da\u00f1o que se produzca a causa de su uso del sitio.<\/p>\n\n\n\n<p><strong>Uso de env\u00edos.<\/strong> Todo dato personal (incluida la&nbsp;informaci\u00f3n de salud personal identificable) incluido en las comunicaciones electr\u00f3nicas enviadas al sitio est\u00e1 regido por la pol\u00edtica de privacidad del&nbsp;sitio. Por otro lado, todas las comunicaciones o&nbsp;materiales que transmita al sitio por correo electr\u00f3nico o por alg\u00fan otro medio, incluidos los datos no personales, preguntas, comentarios, sugerencias u otros similares, se considerar\u00e1n como no&nbsp;confidenciales y no exclusivos. Usted acepta que&nbsp;Clinical Trial Media o sus afiliadas pueden usar con cualquier finalidad estas comunicaciones o&nbsp;materiales que usted transmite o publica, incluidas, entre otros, la reproducci\u00f3n, divulgaci\u00f3n, transmisi\u00f3n, publicaci\u00f3n y emisi\u00f3n. Asimismo, Clinical Trial Media tiene la libertad de usar cualquier idea, concepto, conocimiento pr\u00e1ctico, procesos o t\u00e9cnicas incluidas en cualquier comunicaci\u00f3n que usted env\u00ede al sitio con cualquier finalidad, incluidos, entre otros, el&nbsp;desarrollo, la fabricaci\u00f3n, el marketing y la venta de&nbsp;productos y servicios usando dichas ideas, conceptos, conocimiento pr\u00e1ctico, procesos o&nbsp;t\u00e9cnicas.<\/p>\n\n\n\n<p><strong>Enlaces a otros sitios.<\/strong> Clinical Trial Media no revis\u00f3 todos sitios vinculados al sitio y no es responsable por el contenido de ninguna de estas p\u00e1ginas externas ni de ning\u00fan otro sitio vinculado al sitio. Usted usa los enlaces a otras p\u00e1ginas y sitios externos al sitio bajo su propio riesgo. Cuando visite un enlace de otro sitio, aseg\u00farese de leer el aviso legal y la pol\u00edtica de privacidad del nuevo sitio. Podr\u00edan ser diferentes de los que rigen este sitio.<\/p>\n\n\n\n<p><strong>Modificaci\u00f3n del acuerdo.<\/strong> Clinical Trial Media podr\u00eda, en cualquier momento, revisar las condiciones de este acuerdo que rige sobre el uso del sitio. Si se cambia alguna de las condiciones de&nbsp;este Aviso legal, se publicar\u00e1 un aviso de&nbsp;enmienda en el sitio. Usted estar\u00e1 vinculado por&nbsp;los cambios y, por lo tanto, debe revisar peri\u00f3dicamente estas condiciones.<\/p>\n","protected":false},"excerpt":{"rendered":"<p>Aceptaci\u00f3n del acuerdo. Su acceso al sitio web EPCORE-trials.com y el uso que hace de dicho sitio (el \u201cSitio\u201d), que mantiene Clinical Trial Media, Inc.&nbsp;(www.clinicaltrialmedia.com), est\u00e1 sujeto a&nbsp;los&nbsp;siguientes t\u00e9rminos y condiciones y todas las&nbsp;leyes aplicables. Al acceder al sitio y explorarlo, acepta las condiciones sin limitaciones ni reservas, y&nbsp;acepta que cualquier otro acuerdo que exista [&hellip;]<\/p>\n","protected":false},"author":2,"featured_media":0,"parent":0,"menu_order":0,"comment_status":"closed","ping_status":"closed","template":"","meta":{"footnotes":""},"class_list":["post-2833","page","type-page","status-publish","hentry"],"yoast_head":"<!-- This site is optimized with the Yoast SEO plugin v27.5 - https:\/\/yoast.com\/product\/yoast-seo-wordpress\/ -->\n<title>Aviso legal - Lymphoma Clinical Research Studies\u2013EPCORE Program<\/title>\n<meta name=\"robots\" content=\"index, follow, max-snippet:-1, max-image-preview:large, max-video-preview:-1\" \/>\n<link rel=\"canonical\" href=\"https:\/\/epcore-trials.com\/es-pr\/aviso-legal\/\" \/>\n<meta property=\"og:locale\" content=\"es_ES\" \/>\n<meta property=\"og:type\" content=\"article\" \/>\n<meta property=\"og:title\" content=\"Aviso legal - Lymphoma Clinical Research Studies\u2013EPCORE Program\" \/>\n<meta property=\"og:description\" content=\"Aceptaci\u00f3n del acuerdo. Su acceso al sitio web EPCORE-trials.com y el uso que hace de dicho sitio (el \u201cSitio\u201d), que mantiene Clinical Trial Media, Inc.&nbsp;(www.clinicaltrialmedia.com), est\u00e1 sujeto a&nbsp;los&nbsp;siguientes t\u00e9rminos y condiciones y todas las&nbsp;leyes aplicables. Al acceder al sitio y explorarlo, acepta las condiciones sin limitaciones ni reservas, y&nbsp;acepta que cualquier otro acuerdo que exista [&hellip;]\" \/>\n<meta property=\"og:url\" content=\"https:\/\/epcore-trials.com\/es-pr\/aviso-legal\/\" \/>\n<meta property=\"og:site_name\" content=\"Lymphoma Clinical Research Studies\u2013EPCORE Program\" \/>\n<meta property=\"article:modified_time\" content=\"2023-09-27T16:28:26+00:00\" \/>\n<meta name=\"twitter:card\" content=\"summary_large_image\" \/>\n<meta name=\"twitter:label1\" content=\"Est. reading time\" \/>\n\t<meta name=\"twitter:data1\" content=\"6 minutos\" \/>\n<script type=\"application\/ld+json\" class=\"yoast-schema-graph\">{\"@context\":\"https:\\\/\\\/schema.org\",\"@graph\":[{\"@type\":\"WebPage\",\"@id\":\"https:\\\/\\\/epcore-trials.com\\\/es-pr\\\/aviso-legal\\\/\",\"url\":\"https:\\\/\\\/epcore-trials.com\\\/es-pr\\\/aviso-legal\\\/\",\"name\":\"Aviso legal - Lymphoma Clinical Research Studies\u2013EPCORE Program\",\"isPartOf\":{\"@id\":\"https:\\\/\\\/epcore-trials.com\\\/es-pr\\\/#website\"},\"datePublished\":\"2022-07-08T21:58:06+00:00\",\"dateModified\":\"2023-09-27T16:28:26+00:00\",\"breadcrumb\":{\"@id\":\"https:\\\/\\\/epcore-trials.com\\\/es-pr\\\/aviso-legal\\\/#breadcrumb\"},\"inLanguage\":\"es\",\"potentialAction\":[{\"@type\":\"ReadAction\",\"target\":[\"https:\\\/\\\/epcore-trials.com\\\/es-pr\\\/aviso-legal\\\/\"]}]},{\"@type\":\"BreadcrumbList\",\"@id\":\"https:\\\/\\\/epcore-trials.com\\\/es-pr\\\/aviso-legal\\\/#breadcrumb\",\"itemListElement\":[{\"@type\":\"ListItem\",\"position\":1,\"name\":\"Home\",\"item\":\"https:\\\/\\\/epcore-trials.com\\\/es-pr\\\/\"},{\"@type\":\"ListItem\",\"position\":2,\"name\":\"Aviso legal\"}]},{\"@type\":\"WebSite\",\"@id\":\"https:\\\/\\\/epcore-trials.com\\\/es-pr\\\/#website\",\"url\":\"https:\\\/\\\/epcore-trials.com\\\/es-pr\\\/\",\"name\":\"Lymphoma Clinical Research Studies\u2013EPCORE Program\",\"description\":\"Explore options for lymphoma by participating in clinical research studies.\",\"publisher\":{\"@id\":\"https:\\\/\\\/epcore-trials.com\\\/es-pr\\\/#organization\"},\"potentialAction\":[{\"@type\":\"SearchAction\",\"target\":{\"@type\":\"EntryPoint\",\"urlTemplate\":\"https:\\\/\\\/epcore-trials.com\\\/es-pr\\\/?s={search_term_string}\"},\"query-input\":{\"@type\":\"PropertyValueSpecification\",\"valueRequired\":true,\"valueName\":\"search_term_string\"}}],\"inLanguage\":\"es\"},{\"@type\":\"Organization\",\"@id\":\"https:\\\/\\\/epcore-trials.com\\\/es-pr\\\/#organization\",\"name\":\"Lymphoma Clinical Research Studies\u2013EPCORE Program\",\"url\":\"https:\\\/\\\/epcore-trials.com\\\/es-pr\\\/\",\"logo\":{\"@type\":\"ImageObject\",\"inLanguage\":\"es\",\"@id\":\"https:\\\/\\\/epcore-trials.com\\\/es-pr\\\/#\\\/schema\\\/logo\\\/image\\\/\",\"url\":\"https:\\\/\\\/epcore-trials.com\\\/wp-content\\\/uploads\\\/2022\\\/07\\\/logo.svg\",\"contentUrl\":\"https:\\\/\\\/epcore-trials.com\\\/wp-content\\\/uploads\\\/2022\\\/07\\\/logo.svg\",\"width\":952,\"height\":181,\"caption\":\"Lymphoma Clinical Research Studies\u2013EPCORE Program\"},\"image\":{\"@id\":\"https:\\\/\\\/epcore-trials.com\\\/es-pr\\\/#\\\/schema\\\/logo\\\/image\\\/\"}}]}<\/script>\n<!-- \/ Yoast SEO plugin. -->","yoast_head_json":{"title":"Aviso legal - Lymphoma Clinical Research Studies\u2013EPCORE Program","robots":{"index":"index","follow":"follow","max-snippet":"max-snippet:-1","max-image-preview":"max-image-preview:large","max-video-preview":"max-video-preview:-1"},"canonical":"https:\/\/epcore-trials.com\/es-pr\/aviso-legal\/","og_locale":"es_ES","og_type":"article","og_title":"Aviso legal - Lymphoma Clinical Research Studies\u2013EPCORE Program","og_description":"Aceptaci\u00f3n del acuerdo. Su acceso al sitio web EPCORE-trials.com y el uso que hace de dicho sitio (el \u201cSitio\u201d), que mantiene Clinical Trial Media, Inc.&nbsp;(www.clinicaltrialmedia.com), est\u00e1 sujeto a&nbsp;los&nbsp;siguientes t\u00e9rminos y condiciones y todas las&nbsp;leyes aplicables. Al acceder al sitio y explorarlo, acepta las condiciones sin limitaciones ni reservas, y&nbsp;acepta que cualquier otro acuerdo que exista [&hellip;]","og_url":"https:\/\/epcore-trials.com\/es-pr\/aviso-legal\/","og_site_name":"Lymphoma Clinical Research Studies\u2013EPCORE Program","article_modified_time":"2023-09-27T16:28:26+00:00","twitter_card":"summary_large_image","twitter_misc":{"Est. reading time":"6 minutos"},"schema":{"@context":"https:\/\/schema.org","@graph":[{"@type":"WebPage","@id":"https:\/\/epcore-trials.com\/es-pr\/aviso-legal\/","url":"https:\/\/epcore-trials.com\/es-pr\/aviso-legal\/","name":"Aviso legal - Lymphoma Clinical Research Studies\u2013EPCORE Program","isPartOf":{"@id":"https:\/\/epcore-trials.com\/es-pr\/#website"},"datePublished":"2022-07-08T21:58:06+00:00","dateModified":"2023-09-27T16:28:26+00:00","breadcrumb":{"@id":"https:\/\/epcore-trials.com\/es-pr\/aviso-legal\/#breadcrumb"},"inLanguage":"es","potentialAction":[{"@type":"ReadAction","target":["https:\/\/epcore-trials.com\/es-pr\/aviso-legal\/"]}]},{"@type":"BreadcrumbList","@id":"https:\/\/epcore-trials.com\/es-pr\/aviso-legal\/#breadcrumb","itemListElement":[{"@type":"ListItem","position":1,"name":"Home","item":"https:\/\/epcore-trials.com\/es-pr\/"},{"@type":"ListItem","position":2,"name":"Aviso legal"}]},{"@type":"WebSite","@id":"https:\/\/epcore-trials.com\/es-pr\/#website","url":"https:\/\/epcore-trials.com\/es-pr\/","name":"Lymphoma Clinical Research Studies\u2013EPCORE Program","description":"Explore options for lymphoma by participating in clinical research studies.","publisher":{"@id":"https:\/\/epcore-trials.com\/es-pr\/#organization"},"potentialAction":[{"@type":"SearchAction","target":{"@type":"EntryPoint","urlTemplate":"https:\/\/epcore-trials.com\/es-pr\/?s={search_term_string}"},"query-input":{"@type":"PropertyValueSpecification","valueRequired":true,"valueName":"search_term_string"}}],"inLanguage":"es"},{"@type":"Organization","@id":"https:\/\/epcore-trials.com\/es-pr\/#organization","name":"Lymphoma Clinical Research Studies\u2013EPCORE Program","url":"https:\/\/epcore-trials.com\/es-pr\/","logo":{"@type":"ImageObject","inLanguage":"es","@id":"https:\/\/epcore-trials.com\/es-pr\/#\/schema\/logo\/image\/","url":"https:\/\/epcore-trials.com\/wp-content\/uploads\/2022\/07\/logo.svg","contentUrl":"https:\/\/epcore-trials.com\/wp-content\/uploads\/2022\/07\/logo.svg","width":952,"height":181,"caption":"Lymphoma Clinical Research Studies\u2013EPCORE Program"},"image":{"@id":"https:\/\/epcore-trials.com\/es-pr\/#\/schema\/logo\/image\/"}}]}},"_links":{"self":[{"href":"https:\/\/epcore-trials.com\/es-pr\/wp-json\/wp\/v2\/pages\/2833","targetHints":{"allow":["GET"]}}],"collection":[{"href":"https:\/\/epcore-trials.com\/es-pr\/wp-json\/wp\/v2\/pages"}],"about":[{"href":"https:\/\/epcore-trials.com\/es-pr\/wp-json\/wp\/v2\/types\/page"}],"author":[{"embeddable":true,"href":"https:\/\/epcore-trials.com\/es-pr\/wp-json\/wp\/v2\/users\/2"}],"replies":[{"embeddable":true,"href":"https:\/\/epcore-trials.com\/es-pr\/wp-json\/wp\/v2\/comments?post=2833"}],"version-history":[{"count":0,"href":"https:\/\/epcore-trials.com\/es-pr\/wp-json\/wp\/v2\/pages\/2833\/revisions"}],"wp:attachment":[{"href":"https:\/\/epcore-trials.com\/es-pr\/wp-json\/wp\/v2\/media?parent=2833"}],"curies":[{"name":"wp","href":"https:\/\/api.w.org\/{rel}","templated":true}]}}